{"id":1636,"date":"2023-08-24T13:47:15","date_gmt":"2023-08-24T11:47:15","guid":{"rendered":"https:\/\/sinnex.hu\/nkfi-alapbol-megvalosulo-program\/"},"modified":"2024-06-24T14:54:08","modified_gmt":"2024-06-24T12:54:08","slug":"nrdi-fund-programme","status":"publish","type":"page","link":"https:\/\/sinnex.hu\/en\/nrdi-fund-programme\/","title":{"rendered":"NRDI Fund Programme"},"content":{"rendered":"<p>[et_pb_section fb_built=&#8221;1&#8243; _builder_version=&#8221;4.22.1&#8243; _module_preset=&#8221;default&#8221; background_color=&#8221;#fcfcfc&#8221; custom_padding=&#8221;5px||0px||false|false&#8221; border_width_top=&#8221;1px&#8221; border_color_top=&#8221;#e1e1e1&#8243; border_width_bottom=&#8221;1px&#8221; border_color_bottom=&#8221;#e1e1e1&#8243; global_colors_info=&#8221;{}&#8221;][et_pb_row _builder_version=&#8221;4.22.1&#8243; _module_preset=&#8221;default&#8221; custom_padding=&#8221;5px||0px||false|false&#8221; global_colors_info=&#8221;{}&#8221;][et_pb_column type=&#8221;4_4&#8243; _builder_version=&#8221;4.22.1&#8243; _module_preset=&#8221;default&#8221; global_colors_info=&#8221;{}&#8221;][et_pb_text _builder_version=&#8221;4.25.2&#8243; _module_preset=&#8221;default&#8221; header_font=&#8221;||||||||&#8221; header_text_color=&#8221;#666666&#8243; header_font_size=&#8221;24px&#8221; header_line_height=&#8221;1.4em&#8221; global_colors_info=&#8221;{}&#8221;]<\/p>\n<h1>NRDI Fund Programme <\/h1>\n<p>[\/et_pb_text][\/et_pb_column][\/et_pb_row][\/et_pb_section][et_pb_section fb_built=&#8221;1&#8243; specialty=&#8221;on&#8221; padding_top_1=&#8221;65px&#8221; padding_top_2=&#8221;0px&#8221; padding_top_bottom_link_1=&#8221;false&#8221; padding_top_bottom_link_2=&#8221;false&#8221; padding_left_right_link_1=&#8221;false&#8221; padding_left_right_link_2=&#8221;false&#8221; _builder_version=&#8221;4.22.1&#8243; _module_preset=&#8221;default&#8221; custom_padding=&#8221;0px||||false|false&#8221; global_colors_info=&#8221;{}&#8221;][et_pb_column type=&#8221;3_4&#8243; specialty_columns=&#8221;3&#8243; _builder_version=&#8221;4.16&#8243; custom_padding=&#8221;|||&#8221; global_colors_info=&#8221;{}&#8221; custom_padding__hover=&#8221;|||&#8221;][et_pb_row_inner _builder_version=&#8221;4.22.1&#8243; _module_preset=&#8221;default&#8221; global_colors_info=&#8221;{}&#8221;][et_pb_column_inner saved_specialty_column_type=&#8221;3_4&#8243; _builder_version=&#8221;4.22.1&#8243; _module_preset=&#8221;default&#8221; global_colors_info=&#8221;{}&#8221;][et_pb_heading _builder_version=&#8221;4.25.2&#8243; _module_preset=&#8221;default&#8221; title=&#8221;Press release&#8221; hover_enabled=&#8221;0&#8243; sticky_enabled=&#8221;0&#8243;][\/et_pb_heading][\/et_pb_column_inner][\/et_pb_row_inner][et_pb_row_inner _builder_version=&#8221;4.22.1&#8243; _module_preset=&#8221;default&#8221; global_colors_info=&#8221;{}&#8221;][et_pb_column_inner saved_specialty_column_type=&#8221;3_4&#8243; _builder_version=&#8221;4.22.1&#8243; _module_preset=&#8221;default&#8221; global_colors_info=&#8221;{}&#8221;][et_pb_text admin_label=&#8221;h2&#8243; _builder_version=&#8221;4.25.2&#8243; _module_preset=&#8221;default&#8221; header_2_font=&#8221;|600|||||||&#8221; header_2_text_align=&#8221;center&#8221; header_2_line_height=&#8221;1.4em&#8221; global_colors_info=&#8221;{}&#8221;]<\/p>\n<h2>NRDI Fund Programme <\/h2>\n<p>[\/et_pb_text][et_pb_text _builder_version=&#8221;4.25.2&#8243; _module_preset=&#8221;default&#8221; global_colors_info=&#8221;{}&#8221;]<\/p>\n<p><span style=\"font-weight: 400;\">Epavir is the only clinically proven oral antiviral natural health product that contains natural active ingredients.\u00a0 It is a dominant player on the Hungarian market, it has been among the top 5 products against Herpes Virus for decades in Hungary.\u00a0<\/span><\/p>\n<p><span style=\"font-weight: 400;\">Sinnex\u2019s project\u00a0 &#8220;Development of new oral product<\/span><span style=\"font-weight: 400;\">s<\/span><span style=\"font-weight: 400;\"> containing natural active ingredients for the prevention of Influenza and COVID Viruses\u201d examined the extension of indication of its product Epavir soft capsule &#8211; which are on the market for several years \u2013 for the prevention and therapy of influenza and COVID-19 viruses. The studies have shown that the product has potential for therapeutic use against Alzheimer&#8217;s disease. In the framework of the project, in vitro and in vivo studies were performed, and potential areas of use were explored. The successful research was based on decades of experience in drug discovery and development of the employees of Sinnex.<\/span><\/p>\n<p><span style=\"font-weight: 400;\">Besides vaccines, there is a growing potential for oral solutions that prevent or treat milder symptoms of Herpes Virus.\u00a0\u00a0<\/span><\/p>\n<p><span style=\"font-weight: 400;\">The latest medical findings show that the Herpes virus (HSV1) plays a significant role in the development and progression of Alzheimer&#8217;s disease. One of the main challenges for the near future is the development of a product in this field, in which Epavir could play a major role (there is currently no drug on the world market for Alzheimer&#8217;s disease, so its market potential is huge).\u00a0<\/span><\/p>\n<p><span style=\"font-weight: 400;\">The product that will be developed could offer an effective solution in these areas, for prevention and for patients in the early stages of the disease.\u00a0<\/span><\/p>\n<p><span style=\"font-weight: 400;\">The project under the project identificatory: 2020-1.1.1-KKV-START-2021-00518, was implemented with the support of the Ministry of Innovation and Technology from the National Research, Development and Innovation Fund, funded by the KKV-START grant programme.<\/span><\/p>\n<p>[\/et_pb_text][et_pb_image src=&#8221;https:\/\/sinnex.hu\/wp-content\/uploads\/2023\/08\/nkfialaplogo.jpg&#8221; alt=&#8221;NKFI Alapb\u00f3l megval\u00f3sul\u00f3 program&#8221; title_text=&#8221;NKFI Alapb\u00f3l megval\u00f3sul\u00f3 program&#8221; align=&#8221;center&#8221; _builder_version=&#8221;4.22.1&#8243; _module_preset=&#8221;default&#8221; global_colors_info=&#8221;{}&#8221;][\/et_pb_image][\/et_pb_column_inner][\/et_pb_row_inner][\/et_pb_column][et_pb_column type=&#8221;1_4&#8243; _builder_version=&#8221;4.16&#8243; custom_padding=&#8221;|||&#8221; global_colors_info=&#8221;{}&#8221; custom_padding__hover=&#8221;|||&#8221;][et_pb_sidebar module_class=&#8221;oldalsav&#8221; _builder_version=&#8221;4.22.1&#8243; _module_preset=&#8221;default&#8221; custom_padding=&#8221;0px||||false|false&#8221; global_colors_info=&#8221;{}&#8221;][\/et_pb_sidebar][\/et_pb_column][\/et_pb_section]<\/p>\n","protected":false},"excerpt":{"rendered":"<p>NRDI Fund Programme NRDI Fund Programme Epavir is the only clinically proven oral antiviral natural health product that contains natural active ingredients.\u00a0 It is a dominant player on the Hungarian market, it has been among the top 5 products against Herpes Virus for decades in Hungary.\u00a0 Sinnex\u2019s project\u00a0 &#8220;Development of new oral products containing natural [&hellip;]<\/p>\n","protected":false},"author":1,"featured_media":0,"parent":0,"menu_order":0,"comment_status":"closed","ping_status":"closed","template":"","meta":{"_et_pb_use_builder":"on","_et_pb_old_content":"","_et_gb_content_width":"","footnotes":""},"class_list":["post-1636","page","type-page","status-publish","hentry"],"yoast_head":"<!-- This site is optimized with the Yoast SEO plugin v27.4 - https:\/\/yoast.com\/product\/yoast-seo-wordpress\/ -->\n<title>NRDI Fund Programme - sinnex.hu<\/title>\n<meta name=\"robots\" content=\"index, follow, max-snippet:-1, max-image-preview:large, max-video-preview:-1\" \/>\n<link rel=\"canonical\" href=\"https:\/\/sinnex.hu\/en\/nrdi-fund-programme\/\" \/>\n<meta property=\"og:locale\" content=\"en_US\" \/>\n<meta property=\"og:type\" content=\"article\" \/>\n<meta property=\"og:title\" content=\"NRDI Fund Programme - sinnex.hu\" \/>\n<meta property=\"og:description\" content=\"NRDI Fund Programme NRDI Fund Programme Epavir is the only clinically proven oral antiviral natural health product that contains natural active ingredients.\u00a0 It is a dominant player on the Hungarian market, it has been among the top 5 products against Herpes Virus for decades in Hungary.\u00a0 Sinnex\u2019s project\u00a0 &quot;Development of new oral products containing natural [&hellip;]\" \/>\n<meta property=\"og:url\" content=\"https:\/\/sinnex.hu\/en\/nrdi-fund-programme\/\" \/>\n<meta property=\"og:site_name\" content=\"sinnex.hu\" \/>\n<meta property=\"article:modified_time\" content=\"2024-06-24T12:54:08+00:00\" \/>\n<meta name=\"twitter:card\" content=\"summary_large_image\" \/>\n<meta name=\"twitter:label1\" content=\"Est. reading time\" \/>\n\t<meta name=\"twitter:data1\" content=\"3 minutes\" \/>\n<script type=\"application\/ld+json\" class=\"yoast-schema-graph\">{\"@context\":\"https:\\\/\\\/schema.org\",\"@graph\":[{\"@type\":\"WebPage\",\"@id\":\"https:\\\/\\\/sinnex.hu\\\/en\\\/nrdi-fund-programme\\\/\",\"url\":\"https:\\\/\\\/sinnex.hu\\\/en\\\/nrdi-fund-programme\\\/\",\"name\":\"NRDI Fund Programme - sinnex.hu\",\"isPartOf\":{\"@id\":\"https:\\\/\\\/sinnex.hu\\\/en\\\/#website\"},\"datePublished\":\"2023-08-24T11:47:15+00:00\",\"dateModified\":\"2024-06-24T12:54:08+00:00\",\"breadcrumb\":{\"@id\":\"https:\\\/\\\/sinnex.hu\\\/en\\\/nrdi-fund-programme\\\/#breadcrumb\"},\"inLanguage\":\"en-US\",\"potentialAction\":[{\"@type\":\"ReadAction\",\"target\":[\"https:\\\/\\\/sinnex.hu\\\/en\\\/nrdi-fund-programme\\\/\"]}]},{\"@type\":\"BreadcrumbList\",\"@id\":\"https:\\\/\\\/sinnex.hu\\\/en\\\/nrdi-fund-programme\\\/#breadcrumb\",\"itemListElement\":[{\"@type\":\"ListItem\",\"position\":1,\"name\":\"Kezd\u0151lap\",\"item\":\"https:\\\/\\\/sinnex.hu\\\/en\\\/\"},{\"@type\":\"ListItem\",\"position\":2,\"name\":\"NRDI Fund Programme\"}]},{\"@type\":\"WebSite\",\"@id\":\"https:\\\/\\\/sinnex.hu\\\/en\\\/#website\",\"url\":\"https:\\\/\\\/sinnex.hu\\\/en\\\/\",\"name\":\"sinnex.hu\",\"description\":\"\",\"publisher\":{\"@id\":\"https:\\\/\\\/sinnex.hu\\\/en\\\/#organization\"},\"potentialAction\":[{\"@type\":\"SearchAction\",\"target\":{\"@type\":\"EntryPoint\",\"urlTemplate\":\"https:\\\/\\\/sinnex.hu\\\/en\\\/?s={search_term_string}\"},\"query-input\":{\"@type\":\"PropertyValueSpecification\",\"valueRequired\":true,\"valueName\":\"search_term_string\"}}],\"inLanguage\":\"en-US\"},{\"@type\":\"Organization\",\"@id\":\"https:\\\/\\\/sinnex.hu\\\/en\\\/#organization\",\"name\":\"sinnex.hu\",\"url\":\"https:\\\/\\\/sinnex.hu\\\/en\\\/\",\"logo\":{\"@type\":\"ImageObject\",\"inLanguage\":\"en-US\",\"@id\":\"https:\\\/\\\/sinnex.hu\\\/en\\\/#\\\/schema\\\/logo\\\/image\\\/\",\"url\":\"https:\\\/\\\/sinnex.hu\\\/wp-content\\\/uploads\\\/2023\\\/08\\\/sinnex-logo.jpg\",\"contentUrl\":\"https:\\\/\\\/sinnex.hu\\\/wp-content\\\/uploads\\\/2023\\\/08\\\/sinnex-logo.jpg\",\"width\":238,\"height\":87,\"caption\":\"sinnex.hu\"},\"image\":{\"@id\":\"https:\\\/\\\/sinnex.hu\\\/en\\\/#\\\/schema\\\/logo\\\/image\\\/\"}}]}<\/script>\n<!-- \/ Yoast SEO plugin. -->","yoast_head_json":{"title":"NRDI Fund Programme - sinnex.hu","robots":{"index":"index","follow":"follow","max-snippet":"max-snippet:-1","max-image-preview":"max-image-preview:large","max-video-preview":"max-video-preview:-1"},"canonical":"https:\/\/sinnex.hu\/en\/nrdi-fund-programme\/","og_locale":"en_US","og_type":"article","og_title":"NRDI Fund Programme - sinnex.hu","og_description":"NRDI Fund Programme NRDI Fund Programme Epavir is the only clinically proven oral antiviral natural health product that contains natural active ingredients.\u00a0 It is a dominant player on the Hungarian market, it has been among the top 5 products against Herpes Virus for decades in Hungary.\u00a0 Sinnex\u2019s project\u00a0 \"Development of new oral products containing natural [&hellip;]","og_url":"https:\/\/sinnex.hu\/en\/nrdi-fund-programme\/","og_site_name":"sinnex.hu","article_modified_time":"2024-06-24T12:54:08+00:00","twitter_card":"summary_large_image","twitter_misc":{"Est. reading time":"3 minutes"},"schema":{"@context":"https:\/\/schema.org","@graph":[{"@type":"WebPage","@id":"https:\/\/sinnex.hu\/en\/nrdi-fund-programme\/","url":"https:\/\/sinnex.hu\/en\/nrdi-fund-programme\/","name":"NRDI Fund Programme - sinnex.hu","isPartOf":{"@id":"https:\/\/sinnex.hu\/en\/#website"},"datePublished":"2023-08-24T11:47:15+00:00","dateModified":"2024-06-24T12:54:08+00:00","breadcrumb":{"@id":"https:\/\/sinnex.hu\/en\/nrdi-fund-programme\/#breadcrumb"},"inLanguage":"en-US","potentialAction":[{"@type":"ReadAction","target":["https:\/\/sinnex.hu\/en\/nrdi-fund-programme\/"]}]},{"@type":"BreadcrumbList","@id":"https:\/\/sinnex.hu\/en\/nrdi-fund-programme\/#breadcrumb","itemListElement":[{"@type":"ListItem","position":1,"name":"Kezd\u0151lap","item":"https:\/\/sinnex.hu\/en\/"},{"@type":"ListItem","position":2,"name":"NRDI Fund Programme"}]},{"@type":"WebSite","@id":"https:\/\/sinnex.hu\/en\/#website","url":"https:\/\/sinnex.hu\/en\/","name":"sinnex.hu","description":"","publisher":{"@id":"https:\/\/sinnex.hu\/en\/#organization"},"potentialAction":[{"@type":"SearchAction","target":{"@type":"EntryPoint","urlTemplate":"https:\/\/sinnex.hu\/en\/?s={search_term_string}"},"query-input":{"@type":"PropertyValueSpecification","valueRequired":true,"valueName":"search_term_string"}}],"inLanguage":"en-US"},{"@type":"Organization","@id":"https:\/\/sinnex.hu\/en\/#organization","name":"sinnex.hu","url":"https:\/\/sinnex.hu\/en\/","logo":{"@type":"ImageObject","inLanguage":"en-US","@id":"https:\/\/sinnex.hu\/en\/#\/schema\/logo\/image\/","url":"https:\/\/sinnex.hu\/wp-content\/uploads\/2023\/08\/sinnex-logo.jpg","contentUrl":"https:\/\/sinnex.hu\/wp-content\/uploads\/2023\/08\/sinnex-logo.jpg","width":238,"height":87,"caption":"sinnex.hu"},"image":{"@id":"https:\/\/sinnex.hu\/en\/#\/schema\/logo\/image\/"}}]}},"_links":{"self":[{"href":"https:\/\/sinnex.hu\/en\/wp-json\/wp\/v2\/pages\/1636","targetHints":{"allow":["GET"]}}],"collection":[{"href":"https:\/\/sinnex.hu\/en\/wp-json\/wp\/v2\/pages"}],"about":[{"href":"https:\/\/sinnex.hu\/en\/wp-json\/wp\/v2\/types\/page"}],"author":[{"embeddable":true,"href":"https:\/\/sinnex.hu\/en\/wp-json\/wp\/v2\/users\/1"}],"replies":[{"embeddable":true,"href":"https:\/\/sinnex.hu\/en\/wp-json\/wp\/v2\/comments?post=1636"}],"version-history":[{"count":3,"href":"https:\/\/sinnex.hu\/en\/wp-json\/wp\/v2\/pages\/1636\/revisions"}],"predecessor-version":[{"id":1645,"href":"https:\/\/sinnex.hu\/en\/wp-json\/wp\/v2\/pages\/1636\/revisions\/1645"}],"wp:attachment":[{"href":"https:\/\/sinnex.hu\/en\/wp-json\/wp\/v2\/media?parent=1636"}],"curies":[{"name":"wp","href":"https:\/\/api.w.org\/{rel}","templated":true}]}}