{"id":1598,"date":"2023-08-24T11:52:19","date_gmt":"2023-08-24T09:52:19","guid":{"rendered":"https:\/\/sinnex.hu\/kapcsolat\/"},"modified":"2024-06-18T17:00:57","modified_gmt":"2024-06-18T15:00:57","slug":"contact","status":"publish","type":"page","link":"https:\/\/sinnex.hu\/en\/contact\/","title":{"rendered":"Contact"},"content":{"rendered":"<p>[et_pb_section fb_built=&#8221;1&#8243; _builder_version=&#8221;4.22.1&#8243; _module_preset=&#8221;default&#8221; background_color=&#8221;#fcfcfc&#8221; custom_padding=&#8221;5px||0px||false|false&#8221; border_width_top=&#8221;1px&#8221; border_color_top=&#8221;#e1e1e1&#8243; border_width_bottom=&#8221;1px&#8221; border_color_bottom=&#8221;#e1e1e1&#8243; global_colors_info=&#8221;{}&#8221;][et_pb_row _builder_version=&#8221;4.22.1&#8243; _module_preset=&#8221;default&#8221; custom_padding=&#8221;5px||0px||false|false&#8221; global_colors_info=&#8221;{}&#8221;][et_pb_column type=&#8221;4_4&#8243; _builder_version=&#8221;4.22.1&#8243; _module_preset=&#8221;default&#8221; global_colors_info=&#8221;{}&#8221;][et_pb_text _builder_version=&#8221;4.25.2&#8243; _module_preset=&#8221;default&#8221; header_font=&#8221;||||||||&#8221; header_text_color=&#8221;#666666&#8243; header_font_size=&#8221;24px&#8221; header_line_height=&#8221;1.4em&#8221; global_colors_info=&#8221;{}&#8221;]<\/p>\n<h1>Contact<\/h1>\n<p>[\/et_pb_text][\/et_pb_column][\/et_pb_row][\/et_pb_section][et_pb_section fb_built=&#8221;1&#8243; specialty=&#8221;on&#8221; padding_top_1=&#8221;65px&#8221; padding_top_2=&#8221;0px&#8221; padding_top_bottom_link_1=&#8221;false&#8221; padding_top_bottom_link_2=&#8221;false&#8221; padding_left_right_link_1=&#8221;false&#8221; padding_left_right_link_2=&#8221;false&#8221; _builder_version=&#8221;4.22.1&#8243; _module_preset=&#8221;default&#8221; custom_padding=&#8221;0px||||false|false&#8221; global_colors_info=&#8221;{}&#8221;][et_pb_column type=&#8221;3_4&#8243; specialty_columns=&#8221;3&#8243; _builder_version=&#8221;4.16&#8243; custom_padding=&#8221;|||&#8221; global_colors_info=&#8221;{}&#8221; custom_padding__hover=&#8221;|||&#8221;][et_pb_row_inner _builder_version=&#8221;4.22.1&#8243; _module_preset=&#8221;default&#8221; global_colors_info=&#8221;{}&#8221;][et_pb_column_inner saved_specialty_column_type=&#8221;3_4&#8243; _builder_version=&#8221;4.22.1&#8243; _module_preset=&#8221;default&#8221; global_colors_info=&#8221;{}&#8221;][et_pb_blurb title=&#8221;Sinnex Zrt.&#8221; use_icon=&#8221;on&#8221; font_icon=&#8221;&#xf1ad;||fa||900&#8243; icon_placement=&#8221;left&#8221; image_icon_width=&#8221;24px&#8221; content_max_width=&#8221;100%&#8221; admin_label=&#8221;Sinnex Zrt.&#8221; _builder_version=&#8221;4.22.1&#8243; _module_preset=&#8221;default&#8221; header_font=&#8221;|600|||||||&#8221; header_line_height=&#8221;1.4em&#8221; custom_margin=&#8221;||5px||false|false&#8221; border_radii_image_last_edited=&#8221;off|desktop&#8221; global_colors_info=&#8221;{}&#8221;][\/et_pb_blurb][et_pb_blurb title=&#8221;info@sinnex.hu&#8221; url=&#8221;mailto:info@sinnex.hu&#8221; use_icon=&#8221;on&#8221; font_icon=&#8221;&#xe076;||divi||400&#8243; icon_placement=&#8221;left&#8221; image_icon_width=&#8221;24px&#8221; content_max_width=&#8221;100%&#8221; admin_label=&#8221;info@sinnex.hu&#8221; _builder_version=&#8221;4.22.1&#8243; _module_preset=&#8221;default&#8221; header_font=&#8221;|600|||||||&#8221; header_line_height=&#8221;1.4em&#8221; custom_margin=&#8221;||5px||false|false&#8221; border_radii_image_last_edited=&#8221;off|desktop&#8221; global_colors_info=&#8221;{}&#8221;][\/et_pb_blurb][et_pb_blurb title=&#8221;1039 Budapest, Nagyv\u00e1rad utca 11-19. A. \u00e9p\u00fclet 13.&#8221; use_icon=&#8221;on&#8221; font_icon=&#8221;&#xf3c5;||fa||900&#8243; icon_placement=&#8221;left&#8221; image_icon_width=&#8221;24px&#8221; content_max_width=&#8221;100%&#8221; admin_label=&#8221;1039 Budapest, Nagyv\u00e1rad utca 11-19. A. \u00e9p\u00fclet 13.&#8221; _builder_version=&#8221;4.22.1&#8243; _module_preset=&#8221;default&#8221; header_font=&#8221;|600|||||||&#8221; header_line_height=&#8221;1.4em&#8221; custom_margin=&#8221;||5px||false|false&#8221; border_radii_image_last_edited=&#8221;off|desktop&#8221; global_colors_info=&#8221;{}&#8221;][\/et_pb_blurb][et_pb_blurb title=&#8221;+36-20-2104927&#8243; url=&#8221;tel:+36202104927&#8243; use_icon=&#8221;on&#8221; font_icon=&#8221;&#xe090;||divi||400&#8243; icon_placement=&#8221;left&#8221; image_icon_width=&#8221;24px&#8221; content_max_width=&#8221;100%&#8221; admin_label=&#8221;+36-20-2104927&#8243; _builder_version=&#8221;4.22.1&#8243; _module_preset=&#8221;default&#8221; header_font=&#8221;|600|||||||&#8221; header_line_height=&#8221;1.4em&#8221; custom_margin=&#8221;||5px||false|false&#8221; border_radii_image_last_edited=&#8221;off|desktop&#8221; global_colors_info=&#8221;{}&#8221;][\/et_pb_blurb][\/et_pb_column_inner][\/et_pb_row_inner][et_pb_row_inner _builder_version=&#8221;4.22.1&#8243; _module_preset=&#8221;default&#8221; global_colors_info=&#8221;{}&#8221;][et_pb_column_inner saved_specialty_column_type=&#8221;3_4&#8243; _builder_version=&#8221;4.22.1&#8243; _module_preset=&#8221;default&#8221; global_colors_info=&#8221;{}&#8221;][et_pb_code _builder_version=&#8221;4.22.1&#8243; _module_preset=&#8221;default&#8221; global_colors_info=&#8221;{}&#8221;]<iframe src=\"https:\/\/www.google.com\/maps\/embed?pb=!1m18!1m12!1m3!1d2691.465883171073!2d19.058035076743053!3d47.578179689939155!2m3!1f0!2f0!3f0!3m2!1i1024!2i768!4f13.1!3m3!1m2!1s0x4741d992baf98b1b%3A0xcb12f37449167d1e!2sBudapest%2C%20Nagyv%C3%A1rad%20u.%2011%2C%201039!5e0!3m2!1shu!2shu!4v1693839476613!5m2!1shu!2shu\" width=\"600\" height=\"450\" style=\"border:0; width: 100%;\" allowfullscreen=\"\" loading=\"lazy\" referrerpolicy=\"no-referrer-when-downgrade\"><\/iframe>[\/et_pb_code][\/et_pb_column_inner][\/et_pb_row_inner][\/et_pb_column][et_pb_column type=&#8221;1_4&#8243; _builder_version=&#8221;4.16&#8243; custom_padding=&#8221;|||&#8221; global_colors_info=&#8221;{}&#8221; custom_padding__hover=&#8221;|||&#8221;][et_pb_sidebar module_class=&#8221;oldalsav&#8221; _builder_version=&#8221;4.22.1&#8243; _module_preset=&#8221;default&#8221; custom_padding=&#8221;0px||||false|false&#8221; global_colors_info=&#8221;{}&#8221;][\/et_pb_sidebar][\/et_pb_column][\/et_pb_section]<\/p>\n","protected":false},"excerpt":{"rendered":"<p>Contact<\/p>\n","protected":false},"author":1,"featured_media":0,"parent":0,"menu_order":0,"comment_status":"closed","ping_status":"closed","template":"","meta":{"_et_pb_use_builder":"on","_et_pb_old_content":"","_et_gb_content_width":"","footnotes":""},"class_list":["post-1598","page","type-page","status-publish","hentry"],"yoast_head":"<!-- This site is optimized with the Yoast SEO plugin v27.4 - https:\/\/yoast.com\/product\/yoast-seo-wordpress\/ -->\n<title>Contact - sinnex.hu<\/title>\n<meta name=\"robots\" content=\"index, follow, max-snippet:-1, max-image-preview:large, max-video-preview:-1\" \/>\n<link rel=\"canonical\" href=\"https:\/\/sinnex.hu\/en\/contact\/\" \/>\n<meta property=\"og:locale\" content=\"en_US\" \/>\n<meta property=\"og:type\" content=\"article\" \/>\n<meta property=\"og:title\" content=\"Contact - sinnex.hu\" \/>\n<meta property=\"og:description\" content=\"Contact\" \/>\n<meta property=\"og:url\" content=\"https:\/\/sinnex.hu\/en\/contact\/\" \/>\n<meta property=\"og:site_name\" content=\"sinnex.hu\" \/>\n<meta property=\"article:modified_time\" content=\"2024-06-18T15:00:57+00:00\" \/>\n<meta name=\"twitter:card\" content=\"summary_large_image\" \/>\n<meta name=\"twitter:label1\" content=\"Est. reading time\" \/>\n\t<meta name=\"twitter:data1\" content=\"1 minute\" \/>\n<script type=\"application\/ld+json\" class=\"yoast-schema-graph\">{\"@context\":\"https:\\\/\\\/schema.org\",\"@graph\":[{\"@type\":\"WebPage\",\"@id\":\"https:\\\/\\\/sinnex.hu\\\/en\\\/contact\\\/\",\"url\":\"https:\\\/\\\/sinnex.hu\\\/en\\\/contact\\\/\",\"name\":\"Contact - sinnex.hu\",\"isPartOf\":{\"@id\":\"https:\\\/\\\/sinnex.hu\\\/en\\\/#website\"},\"datePublished\":\"2023-08-24T09:52:19+00:00\",\"dateModified\":\"2024-06-18T15:00:57+00:00\",\"breadcrumb\":{\"@id\":\"https:\\\/\\\/sinnex.hu\\\/en\\\/contact\\\/#breadcrumb\"},\"inLanguage\":\"en-US\",\"potentialAction\":[{\"@type\":\"ReadAction\",\"target\":[\"https:\\\/\\\/sinnex.hu\\\/en\\\/contact\\\/\"]}]},{\"@type\":\"BreadcrumbList\",\"@id\":\"https:\\\/\\\/sinnex.hu\\\/en\\\/contact\\\/#breadcrumb\",\"itemListElement\":[{\"@type\":\"ListItem\",\"position\":1,\"name\":\"Kezd\u0151lap\",\"item\":\"https:\\\/\\\/sinnex.hu\\\/en\\\/\"},{\"@type\":\"ListItem\",\"position\":2,\"name\":\"Contact\"}]},{\"@type\":\"WebSite\",\"@id\":\"https:\\\/\\\/sinnex.hu\\\/en\\\/#website\",\"url\":\"https:\\\/\\\/sinnex.hu\\\/en\\\/\",\"name\":\"sinnex.hu\",\"description\":\"\",\"publisher\":{\"@id\":\"https:\\\/\\\/sinnex.hu\\\/en\\\/#organization\"},\"potentialAction\":[{\"@type\":\"SearchAction\",\"target\":{\"@type\":\"EntryPoint\",\"urlTemplate\":\"https:\\\/\\\/sinnex.hu\\\/en\\\/?s={search_term_string}\"},\"query-input\":{\"@type\":\"PropertyValueSpecification\",\"valueRequired\":true,\"valueName\":\"search_term_string\"}}],\"inLanguage\":\"en-US\"},{\"@type\":\"Organization\",\"@id\":\"https:\\\/\\\/sinnex.hu\\\/en\\\/#organization\",\"name\":\"sinnex.hu\",\"url\":\"https:\\\/\\\/sinnex.hu\\\/en\\\/\",\"logo\":{\"@type\":\"ImageObject\",\"inLanguage\":\"en-US\",\"@id\":\"https:\\\/\\\/sinnex.hu\\\/en\\\/#\\\/schema\\\/logo\\\/image\\\/\",\"url\":\"https:\\\/\\\/sinnex.hu\\\/wp-content\\\/uploads\\\/2023\\\/08\\\/sinnex-logo.jpg\",\"contentUrl\":\"https:\\\/\\\/sinnex.hu\\\/wp-content\\\/uploads\\\/2023\\\/08\\\/sinnex-logo.jpg\",\"width\":238,\"height\":87,\"caption\":\"sinnex.hu\"},\"image\":{\"@id\":\"https:\\\/\\\/sinnex.hu\\\/en\\\/#\\\/schema\\\/logo\\\/image\\\/\"}}]}<\/script>\n<!-- \/ Yoast SEO plugin. -->","yoast_head_json":{"title":"Contact - sinnex.hu","robots":{"index":"index","follow":"follow","max-snippet":"max-snippet:-1","max-image-preview":"max-image-preview:large","max-video-preview":"max-video-preview:-1"},"canonical":"https:\/\/sinnex.hu\/en\/contact\/","og_locale":"en_US","og_type":"article","og_title":"Contact - sinnex.hu","og_description":"Contact","og_url":"https:\/\/sinnex.hu\/en\/contact\/","og_site_name":"sinnex.hu","article_modified_time":"2024-06-18T15:00:57+00:00","twitter_card":"summary_large_image","twitter_misc":{"Est. reading time":"1 minute"},"schema":{"@context":"https:\/\/schema.org","@graph":[{"@type":"WebPage","@id":"https:\/\/sinnex.hu\/en\/contact\/","url":"https:\/\/sinnex.hu\/en\/contact\/","name":"Contact - sinnex.hu","isPartOf":{"@id":"https:\/\/sinnex.hu\/en\/#website"},"datePublished":"2023-08-24T09:52:19+00:00","dateModified":"2024-06-18T15:00:57+00:00","breadcrumb":{"@id":"https:\/\/sinnex.hu\/en\/contact\/#breadcrumb"},"inLanguage":"en-US","potentialAction":[{"@type":"ReadAction","target":["https:\/\/sinnex.hu\/en\/contact\/"]}]},{"@type":"BreadcrumbList","@id":"https:\/\/sinnex.hu\/en\/contact\/#breadcrumb","itemListElement":[{"@type":"ListItem","position":1,"name":"Kezd\u0151lap","item":"https:\/\/sinnex.hu\/en\/"},{"@type":"ListItem","position":2,"name":"Contact"}]},{"@type":"WebSite","@id":"https:\/\/sinnex.hu\/en\/#website","url":"https:\/\/sinnex.hu\/en\/","name":"sinnex.hu","description":"","publisher":{"@id":"https:\/\/sinnex.hu\/en\/#organization"},"potentialAction":[{"@type":"SearchAction","target":{"@type":"EntryPoint","urlTemplate":"https:\/\/sinnex.hu\/en\/?s={search_term_string}"},"query-input":{"@type":"PropertyValueSpecification","valueRequired":true,"valueName":"search_term_string"}}],"inLanguage":"en-US"},{"@type":"Organization","@id":"https:\/\/sinnex.hu\/en\/#organization","name":"sinnex.hu","url":"https:\/\/sinnex.hu\/en\/","logo":{"@type":"ImageObject","inLanguage":"en-US","@id":"https:\/\/sinnex.hu\/en\/#\/schema\/logo\/image\/","url":"https:\/\/sinnex.hu\/wp-content\/uploads\/2023\/08\/sinnex-logo.jpg","contentUrl":"https:\/\/sinnex.hu\/wp-content\/uploads\/2023\/08\/sinnex-logo.jpg","width":238,"height":87,"caption":"sinnex.hu"},"image":{"@id":"https:\/\/sinnex.hu\/en\/#\/schema\/logo\/image\/"}}]}},"_links":{"self":[{"href":"https:\/\/sinnex.hu\/en\/wp-json\/wp\/v2\/pages\/1598","targetHints":{"allow":["GET"]}}],"collection":[{"href":"https:\/\/sinnex.hu\/en\/wp-json\/wp\/v2\/pages"}],"about":[{"href":"https:\/\/sinnex.hu\/en\/wp-json\/wp\/v2\/types\/page"}],"author":[{"embeddable":true,"href":"https:\/\/sinnex.hu\/en\/wp-json\/wp\/v2\/users\/1"}],"replies":[{"embeddable":true,"href":"https:\/\/sinnex.hu\/en\/wp-json\/wp\/v2\/comments?post=1598"}],"version-history":[{"count":4,"href":"https:\/\/sinnex.hu\/en\/wp-json\/wp\/v2\/pages\/1598\/revisions"}],"predecessor-version":[{"id":1612,"href":"https:\/\/sinnex.hu\/en\/wp-json\/wp\/v2\/pages\/1598\/revisions\/1612"}],"wp:attachment":[{"href":"https:\/\/sinnex.hu\/en\/wp-json\/wp\/v2\/media?parent=1598"}],"curies":[{"name":"wp","href":"https:\/\/api.w.org\/{rel}","templated":true}]}}